{"id":5799,"date":"2025-04-09T13:09:36","date_gmt":"2025-04-09T11:09:36","guid":{"rendered":"https:\/\/emuia.gugik.gov.pl\/?page_id=5799"},"modified":"2025-04-09T13:09:37","modified_gmt":"2025-04-09T11:09:37","slug":"raport-z-samooceny-dostepnosci-cyfrowej","status":"publish","type":"page","link":"https:\/\/emuia.gugik.gov.pl\/?page_id=5799","title":{"rendered":"Raport z samooceny dost\u0119pno\u015bci cyfrowej"},"content":{"rendered":"\n<p> Strona internetowa: <a href=\"https:\/\/emuia.gugik.gov.pl\/\">https:\/\/emuia.gugik.gov.pl<\/a><\/p>\n\n\n\n\n<p>(strona w trakcie przenoszenia na platform\u0119 gov.pl)<\/p>\n\n\n\n<p style=\"font-size:26px\"><br><strong>Tabela podsumowuj\u0105ca badanie dost\u0119pno\u015bci cyfrowej<\/strong><\/p>\n\n\n\n<p style=\"font-size:26px\"><br><\/p>\n\n\n\n<figure class=\"wp-block-table is-style-stripes\" style=\"font-size:18px\"><table><thead><tr><td><strong>Lp.<\/strong><\/td><td><strong>Kryterium sukcesu<\/strong><\/td><td><strong>Adres www, ewentualne uwagi<\/strong><\/td><\/tr><\/thead><tbody><tr><td>1<\/td><td>1.1.1 &#8211; Tre\u015b\u0107 nietekstowa<\/td><td>Negatywna<\/td><\/tr><tr><td>2<\/td><td>1.2.1 &#8211; Tylko audio lub tylko wideo (nagranie)<\/td><td>Pozytywna<\/td><\/tr><tr><td>3<\/td><td>1.2.2 &#8211; Napisy rozszerzone (nagranie)<\/td><td>Negatywna<\/td><\/tr><tr><td>4<\/td><td>1.2.3 &#8211; Audiodeskrypcja lub alternatywa tekstowa dla medi\u00f3w (nagranie)<\/td><td>Negatywna<\/td><\/tr><tr><td>5<\/td><td>1.2.5 \u2013 Audiodeskrypcja (nagranie)<\/td><td>Negatywna<strong><\/strong><\/td><\/tr><tr><td>6<\/td><td>1.3.1 &#8211; Informacje i relacje<\/td><td>Pozytywna<\/td><\/tr><tr><td>7<\/td><td>1.3.3 &#8211; W\u0142a\u015bciwo\u015bci zmys\u0142owe<\/td><td>Pozytywna<\/td><\/tr><tr><td>8<\/td><td>1.3.4 \u2013 Orientacja<\/td><td>Pozytywna<strong><\/strong><\/td><\/tr><tr><td>9<\/td><td>1.4.1 &#8211; U\u017cycie koloru<\/td><td>Pozytywna<\/td><\/tr><tr><td>10<\/td><td>1.4.2 &#8211; Kontrola odtwarzania d\u017awi\u0119ku<\/td><td>Pozytywna<\/td><\/tr><tr><td>11<\/td><td>1.4.4 &#8211; Zmiana rozmiaru tekstu<\/td><td>Pozytywna<\/td><\/tr><tr><td>12<\/td><td>2.1.1 &#8211; Klawiatura<\/td><td>Pozytywna<\/td><\/tr><tr><td>13<\/td><td>2.1.2 &#8211; Bez pu\u0142apki na klawiatur\u0119<\/td><td>Pozytywna<\/td><\/tr><tr><td>14<\/td><td>2.2.1 &#8211; Dostosowanie czasu<\/td><td>Negatywna<\/td><\/tr><tr><td>15<\/td><td>2.2.2 \u2013 Pauza, zatrzymanie, ukrycie<\/td><td>Negatywna<\/td><\/tr><tr><td>16<\/td><td>2.3.1 &#8211; Trzy b\u0142yski lub warto\u015bci poni\u017cej progu<\/td><td>Pozytywna<\/td><\/tr><tr><td>17<\/td><td>2.4.2 &#8211; Tytu\u0142 strony<\/td><td>Negatywna<\/td><\/tr><tr><td>18<\/td><td>2.4.3 &#8211; Kolejno\u015b\u0107 fokusu<\/td><td>Negatywna<\/td><\/tr><tr><td>19<\/td><td>2.4.4 &#8211; Cel \u0142\u0105cza (w kontek\u015bcie)<\/td><td>Negatywna<\/td><\/tr><tr><td>20<\/td><td>2.4.5 &#8211; Wiele dr\u00f3g<\/td><td>Pozytywna<\/td><\/tr><tr><td>21<\/td><td>2.4.7 &#8211; Widoczny fokus<\/td><td>Pozytywna<\/td><\/tr><tr><td>22<\/td><td>3.2.2 &#8211; Podczas wprowadzania danych<\/td><td>Pozytywna<\/td><\/tr><tr><td>23<\/td><td>3.2.3 &#8211; Sp\u00f3jna nawigacja<\/td><td>Pozytywna<\/td><\/tr><tr><td>24<\/td><td>3.3.1 &#8211; Identyfikacja b\u0142\u0119du<\/td><td>Pozytywna<\/td><\/tr><tr><td>25<\/td><td>3.3.2 &#8211; Formularze<\/td><td>Pozytywna<\/td><\/tr><tr><td>26<\/td><td>3.3.3 &#8211; Sugestie korekty b\u0142\u0119d\u00f3w<\/td><td>Pozytywna<\/td><\/tr><tr><td>27<\/td><td>3.3.4 &#8211; Zapobieganie b\u0142\u0119dom (prawnym, finansowym, w danych)<\/td><td>Nie dotyczy<\/td><\/tr><\/tbody><\/table><\/figure>\n\n\n\n<p><strong>Testowane podstrony<\/strong>:<\/p>\n\n\n\n<a href=\"https:\/\/emuia.gugik.gov.pl\">https:\/\/emuia.gugik.gov.pl\/<\/a><br>\n<a href=\"https:\/\/emuia.gugik.gov.pl\/?page_id=770\">https:\/\/emuia.gugik.gov.pl\/?page_id=770\/<\/a>\n","protected":false},"excerpt":{"rendered":"<p>Strona internetowa: https:\/\/emuia.gugik.gov.pl (strona w trakcie przenoszenia na platform\u0119 gov.pl) Tabela podsumowuj\u0105ca badanie dost\u0119pno\u015bci cyfrowej Lp.Kryterium sukcesuAdres www, ewentualne uwagi11.1.1 &#8211; Tre\u015b\u0107 nietekstowaNegatywna21.2.1 &#8211; Tylko audio lub tylko wideo (nagranie)Pozytywna31.2.2 &#8211; Napisy rozszerzone (nagranie)Negatywna41.2.3 &#8211; Audiodeskrypcja lub alternatywa tekstowa dla medi\u00f3w (nagranie)Negatywna51.2.5 \u2013 Audiodeskrypcja (nagranie)Negatywna61.3.1 &#8211; Informacje i relacjePozytywna71.3.3 &#8211; W\u0142a\u015bciwo\u015bci zmys\u0142owePozytywna81.3.4 \u2013 OrientacjaPozytywna91.4.1 &#8211;&hellip; <a class=\"continue\" href=\"https:\/\/emuia.gugik.gov.pl\/?page_id=5799\">Continue Reading<span> Raport z samooceny dost\u0119pno\u015bci cyfrowej<\/span><\/a><\/p>\n","protected":false},"author":19,"featured_media":0,"parent":0,"menu_order":0,"comment_status":"closed","ping_status":"closed","template":"","meta":[],"_links":{"self":[{"href":"https:\/\/emuia.gugik.gov.pl\/index.php?rest_route=\/wp\/v2\/pages\/5799"}],"collection":[{"href":"https:\/\/emuia.gugik.gov.pl\/index.php?rest_route=\/wp\/v2\/pages"}],"about":[{"href":"https:\/\/emuia.gugik.gov.pl\/index.php?rest_route=\/wp\/v2\/types\/page"}],"author":[{"embeddable":true,"href":"https:\/\/emuia.gugik.gov.pl\/index.php?rest_route=\/wp\/v2\/users\/19"}],"replies":[{"embeddable":true,"href":"https:\/\/emuia.gugik.gov.pl\/index.php?rest_route=%2Fwp%2Fv2%2Fcomments&post=5799"}],"version-history":[{"count":16,"href":"https:\/\/emuia.gugik.gov.pl\/index.php?rest_route=\/wp\/v2\/pages\/5799\/revisions"}],"predecessor-version":[{"id":5816,"href":"https:\/\/emuia.gugik.gov.pl\/index.php?rest_route=\/wp\/v2\/pages\/5799\/revisions\/5816"}],"wp:attachment":[{"href":"https:\/\/emuia.gugik.gov.pl\/index.php?rest_route=%2Fwp%2Fv2%2Fmedia&parent=5799"}],"curies":[{"name":"wp","href":"https:\/\/api.w.org\/{rel}","templated":true}]}}