{"id":3547,"date":"2018-05-29T12:16:50","date_gmt":"2018-05-29T10:16:50","guid":{"rendered":"https:\/\/emuia.gugik.gov.pl\/?page_id=3547"},"modified":"2025-03-13T10:19:03","modified_gmt":"2025-03-13T09:19:03","slug":"wsparcie-gmin-teryt-3","status":"publish","type":"page","link":"https:\/\/emuia.gugik.gov.pl\/?page_id=3547","title":{"rendered":"Wsparcie gmin &#8211; TERYT 3"},"content":{"rendered":"<strong>Na podstawie przepis\u00f3w Rozporz\u0105dzenia Parlamentu Europejskiego i Rady (UE) 2016\/679 z dnia 27 kwietnia 2016 r. w sprawie ochrony os\u00f3b fizycznych w zwi\u0105zku z przetwarzaniem danych osobowych i w sprawie swobodnego przep\u0142ywu takich danych oraz uchylenia dyrektywy 95\/46\/WE, informujemy, \u017ce:\n<\/strong>\n1. Administratorem Pani\/Pana danych osobowych jest G\u0142\u00f3wny Geodeta Kraju z siedzib\u0105 w Warszawie, ul. \u017burawia 6\/12, 00-926 Warszawa.\n2. Kontakt do Inspektora Ochrony Danych: tel. 22 56 31 438, e-mail, iod@gugik.gov.pl, www.gugik.gov.pl\n3. Pani\/Pana dane osobowe b\u0119d\u0105 przetwarzane w celu realizacji i rozliczenia gmin\u0105 przeprowadzenia rekrutacji uczestnik\u00f3w szkole\u0144 w ramach oferowanych pakiet\u00f3w wsparcia gmin w ramach projektu \u201eTERYT3 \u2013 Rozbudowa system\u00f3w do prowadzenia rejestr\u00f3w adresowych \u2013 Etap I\u201d.\n4. Podstaw\u0105 prawn\u0105 przetwarzania danych jest zgoda osoby, kt\u00f3rej dane dotycz\u0105, na przetwarzanie danych jej dotycz\u0105cych .\n5. Kategoriami danych osobowych s\u0105 rodzaje danych osobowych tj.:\n<div style=\"padding-left: 30px;\">\u2022 nazwiska i imiona,<\/div>\n<div style=\"padding-left: 30px;\">\u2022 stanowisko<\/div>\n<div style=\"padding-left: 30px;\">\u2022 s\u0142u\u017cbowy adres e-mail,<\/div>\n<div style=\"padding-left: 30px;\">\u2022 numer telefonu s\u0142u\u017cbowego,<\/div>\n<div style=\"padding-left: 30px;\">\u2022 nazwa instytucji.<\/div>\n6. Pani\/Pana dane osobowe nie b\u0119d\u0105 przekazywane do pa\u0144stwa trzeciego.\n7. Planowany okres, przez kt\u00f3ry dane osobowe b\u0119d\u0105 przechowywane jest to\u017csamy\nz czasem rozliczenia przez G\u0142\u00f3wnego Geodet\u0119 Kraju projektu Teryt3.\n8. Przys\u0142uguj\u0105 Pani\/Panu \u017c\u0105danie dost\u0119pu do danych osobowych, kt\u00f3re Pani\/Pana dotycz\u0105 oraz ich sprostowania, usuni\u0119cia lub ograniczenia przetwarzania lub prawo do wniesienia sprzeciwu wobec przetwarzania, a tak\u017ce prawo do przenoszenia danych.\n9. Przys\u0142uguje Pani\/Panu wniesienie skargi do organu nadzorczego &#8211; Prezesa Urz\u0119du Ochrony Danych Osobowych.\n10. Pani\/Pana dane osobowe pochodz\u0105 ze \u017ar\u00f3de\u0142 wskazanych w punkcie 4.\n11. Pani\/Pana dane nie b\u0119d\u0105 podlega\u0107 decyzji, kt\u00f3ra opiera si\u0119 wy\u0142\u0105cznie na zautomatyzowanym przetwarzaniu w tym profilowaniu.\n<div id=\"selenium-highlight\"><\/div>\n<div id=\"selenium-highlight\"><\/div>","protected":false},"excerpt":{"rendered":"<p>Na podstawie przepis\u00f3w Rozporz\u0105dzenia Parlamentu Europejskiego i Rady (UE) 2016\/679 z dnia 27 kwietnia 2016 r. w sprawie ochrony os\u00f3b fizycznych w zwi\u0105zku z przetwarzaniem danych osobowych i w sprawie swobodnego przep\u0142ywu takich danych oraz uchylenia dyrektywy 95\/46\/WE, informujemy, \u017ce: 1. Administratorem Pani\/Pana danych osobowych jest G\u0142\u00f3wny Geodeta Kraju z siedzib\u0105 w Warszawie, ul. \u017burawia&hellip; <a class=\"continue\" href=\"https:\/\/emuia.gugik.gov.pl\/?page_id=3547\">Continue Reading<span> Wsparcie gmin &#8211; TERYT 3<\/span><\/a><\/p>\n","protected":false},"author":13,"featured_media":0,"parent":0,"menu_order":0,"comment_status":"closed","ping_status":"closed","template":"","meta":[],"_links":{"self":[{"href":"https:\/\/emuia.gugik.gov.pl\/index.php?rest_route=\/wp\/v2\/pages\/3547"}],"collection":[{"href":"https:\/\/emuia.gugik.gov.pl\/index.php?rest_route=\/wp\/v2\/pages"}],"about":[{"href":"https:\/\/emuia.gugik.gov.pl\/index.php?rest_route=\/wp\/v2\/types\/page"}],"author":[{"embeddable":true,"href":"https:\/\/emuia.gugik.gov.pl\/index.php?rest_route=\/wp\/v2\/users\/13"}],"replies":[{"embeddable":true,"href":"https:\/\/emuia.gugik.gov.pl\/index.php?rest_route=%2Fwp%2Fv2%2Fcomments&post=3547"}],"version-history":[{"count":5,"href":"https:\/\/emuia.gugik.gov.pl\/index.php?rest_route=\/wp\/v2\/pages\/3547\/revisions"}],"predecessor-version":[{"id":5756,"href":"https:\/\/emuia.gugik.gov.pl\/index.php?rest_route=\/wp\/v2\/pages\/3547\/revisions\/5756"}],"wp:attachment":[{"href":"https:\/\/emuia.gugik.gov.pl\/index.php?rest_route=%2Fwp%2Fv2%2Fmedia&parent=3547"}],"curies":[{"name":"wp","href":"https:\/\/api.w.org\/{rel}","templated":true}]}}