{"id":1716,"date":"2016-09-09T12:14:25","date_gmt":"2016-09-09T10:14:25","guid":{"rendered":"https:\/\/emuia.gugik.gov.pl\/?page_id=1716"},"modified":"2025-03-13T10:57:59","modified_gmt":"2025-03-13T09:57:59","slug":"faq-2","status":"publish","type":"page","link":"https:\/\/emuia.gugik.gov.pl\/?page_id=1716","title":{"rendered":"FAQQ"},"content":{"rendered":"<b><div class=\"horizontalsection text-light clearfix\" style=\"padding-top:px;padding-bottom:180px;\"><div class=\"horizontalinner parallax-section\" style=\"background:url(https:\/\/emuia.gugik.gov.pl\/wp-content\/uploads\/2016\/07\/tlo_11.png) center center repeat; background-size: cover;\"><\/div><\/div><\/b>\n<span><div class=\"column-section \" ><div class=\"column two-third \"  ><\/span>\n\n<span><div class=\"accordion\">\t<div class=\"toggle-item\">\n\t\t\t\t\t<div class=\"toggle-title  clearfix\">\n\t\t\t\t\t\t<div class=\"toggle-icon\"><i class=\"fa fa-plus\"><\/i><i class=\"fa fa-minus\"><\/i><\/div>\n\t\t\t\t\t\t<h6 class=\"toggle-name\"><strong>Jak doda\u0107 nowego u\u017cytkownika aplikacji EMUiA?<\/strong><\/h6>\n\t\t\t\t\t<\/div>\n\t\t\t\t\t<div class=\"toggle-inner\">Aby doda\u0107 nowego u\u017cytkownika (administrator\/edytor\/odczyt) do aplikacji EMUiA nale\u017cy na adres G\u0142\u00f3wnego Urz\u0119du Geodezji i Kartografii (ul. \u017burawia 6\/12, 00-926 Warszawa) przys\u0142a\u0107 wype\u0142niony wniosek, kt\u00f3rego wz\u00f3r znajduje si\u0119 w zak\u0142adce \u201eZasady udost\u0119pniania\u201d na stronie aplikacji EMUiA (www.emuia.gugik.gov.pl). <\/div>\n\t\t\t\t<\/div><\/div><\/span>\n\n<span><div class=\"accordion\">\t<div class=\"toggle-item\">\n\t\t\t\t\t<div class=\"toggle-title  clearfix\">\n\t\t\t\t\t\t<div class=\"toggle-icon\"><i class=\"fa fa-plus\"><\/i><i class=\"fa fa-minus\"><\/i><\/div>\n\t\t\t\t\t\t<h6 class=\"toggle-name\"><strong>Co zrobi\u0107 gdy zagubi si\u0119 login i has\u0142o do aplikacji EMUiA?<\/strong><\/h6>\n\t\t\t\t\t<\/div>\n\t\t\t\t\t<div class=\"toggle-inner\"><\/span>\n\n<span>W przypadku konieczno\u015bci przypomnienia danych dost\u0119powych do aplikacji EMUiA nale\u017cy zg\u0142osi\u0107 tak\u0105 potrzeb\u0119 mailowo na adres emuia@gugik.gov.pl lub telefonicznie pod kt\u00f3ry\u015b z numer\u00f3w tel. 22 563 13 25, 22 563 13 58, 22 563 13 53 , 22 563 13 96 , 22 563 13 09, 22 563 13 , 22 563 14 59. W odpowiedzi na adres e-mailowy u\u017cytkownika aplikacji, kt\u00f3ry zg\u0142asza potrzeb\u0119 przypomnienia danych dost\u0119powych zostanie wys\u0142any ponownie login i has\u0142o do aplikacji EMUiA.<\/div>\n\t\t\t\t<\/div><\/div><\/span>\n\n<div class=\"accordion\">\t<div class=\"toggle-item\">\n\t\t\t\t\t<div class=\"toggle-title  clearfix\">\n\t\t\t\t\t\t<div class=\"toggle-icon\"><i class=\"fa fa-plus\"><\/i><i class=\"fa fa-minus\"><\/i><\/div>\n\t\t\t\t\t\t<h6 class=\"toggle-name\"><strong>Gdzie szuka\u0107 pomocy w przepadku pyta\u0144 dot. obs\u0142ugi aplikacji EMUiA?<\/strong><\/h6>\n\t\t\t\t\t<\/div>\n\t\t\t\t\t<div class=\"toggle-inner\">\n\nNa stronie internetowej aplikacji EMUiA (www.emuia.gugik.gov.pl) w zak\u0142adce \u201ePomoc\u201d udost\u0119pniony zosta\u0142 zeszyt \u0107wicze\u0144 dot. aplikacji EMUiA oraz kr\u00f3tkie filmy instrukta\u017cowe, kt\u00f3re prezentuj\u0105 zagadnienia zwi\u0105zane z prac\u0105 w aplikacji. Dodatkowo jest mo\u017cliwo\u015b\u0107 skorzystania ze wsparcia konsultant\u00f3w, kt\u00f3rzy s\u0105 dost\u0119pni od poniedzia\u0142ku do pi\u0105tku, w dni robocze, w godzinach 8:15 \u2013 16:15 pod numerami <span>tel. 22 563 13 25, 22 563 13 58, 22 563 13 53 , 22 563 13 96 , 22 563 13 09, 22 563 13 , 22 563 14 59.<\/span><\/div>\n\t\t\t\t<\/div><\/div>\n<div class=\"accordion\">\t<div class=\"toggle-item\">\n\t\t\t\t\t<div class=\"toggle-title  clearfix\">\n\t\t\t\t\t\t<div class=\"toggle-icon\"><i class=\"fa fa-plus\"><\/i><i class=\"fa fa-minus\"><\/i><\/div>\n\t\t\t\t\t\t<h6 class=\"toggle-name\"><strong>Czy mo\u017cna doda\u0107 now\u0105 warstw\u0119 do aplikacji EMUiA?<\/strong><\/h6>\n\t\t\t\t\t<\/div>\n\t\t\t\t\t<div class=\"toggle-inner\">\n\nTak, aplikacja EMUiA daje mo\u017cliwo\u015b\u0107 dodawania nowych warstw t\u0142owych do mapy. Administrator aplikacji mo\u017ce dokona\u0107 importu warstw WMS\/WFS\/WMTS oraz warstw w formatach SHP, DXF i GML. Import nowej warstwy dost\u0119pny jest dzi\u0119ki narz\u0119dziu \u201eImportuj\u201d, kt\u00f3re zlokalizowane jest w zak\u0142adce \u201eAdministracja\u201d menu g\u0142\u00f3wnego Aplikacji EMUiA.<\/div>\n\t\t\t\t<\/div><\/div>\n<div class=\"accordion\">\t<div class=\"toggle-item\">\n\t\t\t\t\t<div class=\"toggle-title  clearfix\">\n\t\t\t\t\t\t<div class=\"toggle-icon\"><i class=\"fa fa-plus\"><\/i><i class=\"fa fa-minus\"><\/i><\/div>\n\t\t\t\t\t\t<h6 class=\"toggle-name\"><strong>Jak mo\u017cna pozyska\u0107 aktualne dane z ewidencji grunt\u00f3w i budynk\u00f3w?<\/strong><\/h6>\n\t\t\t\t\t<\/div>\n\t\t\t\t\t<div class=\"toggle-inner\">\n\nDo prowadzenia ewidencji miejscowo\u015bci, ulic i adres\u00f3w (EMUiA) mo\u017cna wykorzystywa\u0107 dane zgromadzone w ewidencji grunt\u00f3w i budynk\u00f3w (EGiB), na kt\u00f3re sk\u0142adaj\u0105 si\u0119 m.in. dane dotycz\u0105ce obrys\u00f3w budynk\u00f3w i dzia\u0142ek ewidencyjnych. Dane te s\u0105 przydatne podczas precyzyjnego okre\u015blania m.in. przebiegu granic miejscowo\u015bci, osi ulic i zewn\u0119trznych granic plac\u00f3w, a tak\u017ce przy ustalaniu lokalizacji przestrzennej numer\u00f3w porz\u0105dkowych budynk\u00f3w i innych obiekt\u00f3w.\n\nGmina, na potrzeby prowadzenia EMUiA mo\u017ce pozyska\u0107 nieodp\u0142atnie dane EGiB (o ile zgromadzone s\u0105 w postaci elektronicznej) na podstawie art. 15 ustawy z dn. 17 lutego 2005 r. o informatyzacji dzia\u0142alno\u015bci podmiot\u00f3w realizuj\u0105cych zadania publiczne. W takiej sytuacji Gmina powinna wyst\u0105pi\u0107 z wnioskiem do w\u0142a\u015bciwego Starosty. Wz\u00f3r takiego wniosku oraz przyk\u0142adowo wype\u0142nione wnioski zosta\u0142y zamieszczone poni\u017cej.\n\n<a href=\"https:\/\/emuia.gugik.gov.pl\/wp-content\/uploads\/2016\/09\/Wniosek-o-udost\u0119pnienie-danych-zgromadzonych-w-rejestrze-publicznym.doc\">Wz\u00f3r wniosku o udost\u0119pnienie danych<\/a>\n<a href=\"https:\/\/emuia.gugik.gov.pl\/wp-content\/uploads\/2016\/09\/Wniosek-o-udost\u0119pnienie-danych-zgromadzonych-w-rejestrze-publicznym-pliki.pdf\">Pozyskanie danych w postaci warstw plikowych &#8211;\u00a0wz\u00f3r<\/a>\n<a href=\"https:\/\/emuia.gugik.gov.pl\/wp-content\/uploads\/2016\/09\/Wniosek-o-udost\u0119pnienie-danych-zgromadzonych-w-rejestrze-publicznym-us\u0142ugi.pdf\">Pozyskanie danych w postaci us\u0142ug danych przestrzennych &#8211; wz\u00f3r<\/a>\n\nDane EGiB mog\u0105 zosta\u0107 udost\u0119pnione zar\u00f3wno w postaci \u017ar\u00f3de\u0142 plikowych jak i us\u0142ug danych przestrzennych (WMS, WMTS, WFS) w zale\u017cno\u015bci od mo\u017cliwo\u015bci technicznych poszczeg\u00f3lnych Starost\u00f3w. Najkorzystniejsz\u0105 form\u0105 pozyskania danych EGiB s\u0105 us\u0142ugi danych przestrzennych poniewa\u017c w taki spos\u00f3b zapewniony jest sta\u0142y dost\u0119p do aktualnych danych zgromadzonych w bazach prowadzonych przez Starost\u00f3w. W przypadku danych plikowych zachodzi potrzeba cyklicznego pozyskiwania aktualnych plik\u00f3w z bazy EGiB z powodu zmian jakie dosy\u0107 cz\u0119sto zachodz\u0105 w danych EGiB.\n\n<\/div>\n\t\t\t\t<\/div><\/div>\n\n<div class=\"accordion\">\t<div class=\"toggle-item\">\n\t\t\t\t\t<div class=\"toggle-title  clearfix\">\n\t\t\t\t\t\t<div class=\"toggle-icon\"><i class=\"fa fa-plus\"><\/i><i class=\"fa fa-minus\"><\/i><\/div>\n\t\t\t\t\t\t<h6 class=\"toggle-name\"><strong>Jak zaimportowa\u0107 dane EGiB w formacie SWDE do aplikacji EMUiA?<\/strong><\/h6>\n\t\t\t\t\t<\/div>\n\t\t\t\t\t<div class=\"toggle-inner\">\n\nOpis importu danych EGiB do aplikacji EMUiA zamieszony zosta\u0142 w menu pomocy, kt\u00f3re w\u0142\u0105cza si\u0119 znakiem zapytania zlokalizowanym w prawym, g\u00f3rnym rogu okna aplikacji EMUiA, w zak\u0142adce \u201eKonwersja i import danych EGiB otrzymanych w formacie SWDE&#8221;.<\/div>\n\t\t\t\t<\/div><\/div>\n<div class=\"accordion\">\t<div class=\"toggle-item\">\n\t\t\t\t\t<div class=\"toggle-title  clearfix\">\n\t\t\t\t\t\t<div class=\"toggle-icon\"><i class=\"fa fa-plus\"><\/i><i class=\"fa fa-minus\"><\/i><\/div>\n\t\t\t\t\t\t<h6 class=\"toggle-name\"><strong>Czy mo\u017cna logowa\u0107 si\u0119 do starej wersji aplikacji EMUiA?<\/strong><\/h6>\n\t\t\t\t\t<\/div>\n\t\t\t\t\t<div class=\"toggle-inner\">\n\nNie, stara wersja aplikacji jest ju\u017c nieaktywna. Obecnie mo\u017cna korzysta\u0107 z nowej wersji aplikacji EMUiA, kt\u00f3ra zosta\u0142a wdro\u017cona wszystkim gminom, kt\u00f3re posiadaj\u0105 podpisane porozumienie z G\u0142\u00f3wnym Geodet\u0105 Kraju.<\/div>\n\t\t\t\t<\/div><\/div><div class=\"accordion\">\t<div class=\"toggle-item\">\n\t\t\t\t\t<div class=\"toggle-title  clearfix\">\n\t\t\t\t\t\t<div class=\"toggle-icon\"><i class=\"fa fa-plus\"><\/i><i class=\"fa fa-minus\"><\/i><\/div>\n\t\t\t\t\t\t<h6 class=\"toggle-name\"><strong>Czy mo\u017cna przenie\u015b\u0107 dane adresowe z innego systemu do aplikacji EMUiA?<\/strong><\/h6>\n\t\t\t\t\t<\/div>\n\t\t\t\t\t<div class=\"toggle-inner\">\n\nJe\u017celi gmina posiadaj\u0105 dane z innego systemu teleinformatycznego ni\u017c aplikacja EMUiA w formacie GML zgodnym ze schematem podanym w Rozporz\u0105dzeniu Ministra Administracji i Cyfryzacji z dnia 9 stycznia 2012 r. w sprawie ewidencji miejscowo\u015bci, ulic i adres\u00f3w, to na podstawie takiego pliku mo\u017cna dokona\u0107 pe\u0142nego importu danych do aplikacji EMUiA. <\/div>\n\t\t\t\t<\/div><\/div>\n\n<span><\/div><\/span>\n\n<span><div class=\"column one-third last-col \"  ><\/div><div class=\"clear\"><\/div><\/div><\/span>\n\n<span><span>\u00a0<\/span><\/span>\n<div id=\"selenium-highlight\"><\/div>\n<div id=\"selenium-highlight\"><\/div>","protected":false},"excerpt":{"rendered":"<p>\u00a0<\/p>\n","protected":false},"author":13,"featured_media":0,"parent":0,"menu_order":0,"comment_status":"closed","ping_status":"open","template":"","meta":[],"_links":{"self":[{"href":"https:\/\/emuia.gugik.gov.pl\/index.php?rest_route=\/wp\/v2\/pages\/1716"}],"collection":[{"href":"https:\/\/emuia.gugik.gov.pl\/index.php?rest_route=\/wp\/v2\/pages"}],"about":[{"href":"https:\/\/emuia.gugik.gov.pl\/index.php?rest_route=\/wp\/v2\/types\/page"}],"author":[{"embeddable":true,"href":"https:\/\/emuia.gugik.gov.pl\/index.php?rest_route=\/wp\/v2\/users\/13"}],"replies":[{"embeddable":true,"href":"https:\/\/emuia.gugik.gov.pl\/index.php?rest_route=%2Fwp%2Fv2%2Fcomments&post=1716"}],"version-history":[{"count":39,"href":"https:\/\/emuia.gugik.gov.pl\/index.php?rest_route=\/wp\/v2\/pages\/1716\/revisions"}],"predecessor-version":[{"id":5767,"href":"https:\/\/emuia.gugik.gov.pl\/index.php?rest_route=\/wp\/v2\/pages\/1716\/revisions\/5767"}],"wp:attachment":[{"href":"https:\/\/emuia.gugik.gov.pl\/index.php?rest_route=%2Fwp%2Fv2%2Fmedia&parent=1716"}],"curies":[{"name":"wp","href":"https:\/\/api.w.org\/{rel}","templated":true}]}}